{"id":11,"date":"2014-01-18T23:34:10","date_gmt":"2014-01-18T21:34:10","guid":{"rendered":"http:\/\/baroma.sk\/?page_id=11"},"modified":"2014-01-19T01:38:09","modified_gmt":"2014-01-18T23:38:09","slug":"revizie","status":"publish","type":"page","link":"https:\/\/baroma.sk\/?page_id=11","title":{"rendered":"Rev\u00edzie"},"content":{"rendered":"<ul>\n<li>\u00a0<a href=\"https:\/\/baroma.sk\/?page_id=83\">odborn\u00e9 sk\u00fa\u0161ky <i>(rev\u00edzne sk\u00fa\u0161ky)<\/i>a\u00a0odborn\u00e9 prehliadky <i>(rev\u00edzie<\/i>)zdv\u00edhac\u00edch zariaden\u00ed<\/a><\/li>\n<li>\u00a0<a href=\"https:\/\/baroma.sk\/?page_id=87\">technick\u00e9 prehliadky motorov\u00fdch voz\u00edkov<\/a><\/li>\n<\/ul>\n","protected":false},"excerpt":{"rendered":"<p>\u00a0odborn\u00e9 sk\u00fa\u0161ky (rev\u00edzne sk\u00fa\u0161ky)a\u00a0odborn\u00e9 prehliadky (rev\u00edzie)zdv\u00edhac\u00edch zariaden\u00ed \u00a0technick\u00e9 prehliadky motorov\u00fdch voz\u00edkov<\/p>\n","protected":false},"author":2,"featured_media":0,"parent":0,"menu_order":0,"comment_status":"closed","ping_status":"closed","template":"","meta":{"footnotes":""},"class_list":["post-11","page","type-page","status-publish","hentry","nodate","item-wrap"],"_links":{"self":[{"href":"https:\/\/baroma.sk\/index.php?rest_route=\/wp\/v2\/pages\/11","targetHints":{"allow":["GET"]}}],"collection":[{"href":"https:\/\/baroma.sk\/index.php?rest_route=\/wp\/v2\/pages"}],"about":[{"href":"https:\/\/baroma.sk\/index.php?rest_route=\/wp\/v2\/types\/page"}],"author":[{"embeddable":true,"href":"https:\/\/baroma.sk\/index.php?rest_route=\/wp\/v2\/users\/2"}],"replies":[{"embeddable":true,"href":"https:\/\/baroma.sk\/index.php?rest_route=%2Fwp%2Fv2%2Fcomments&post=11"}],"version-history":[{"count":4,"href":"https:\/\/baroma.sk\/index.php?rest_route=\/wp\/v2\/pages\/11\/revisions"}],"predecessor-version":[{"id":89,"href":"https:\/\/baroma.sk\/index.php?rest_route=\/wp\/v2\/pages\/11\/revisions\/89"}],"wp:attachment":[{"href":"https:\/\/baroma.sk\/index.php?rest_route=%2Fwp%2Fv2%2Fmedia&parent=11"}],"curies":[{"name":"wp","href":"https:\/\/api.w.org\/{rel}","templated":true}]}}