{"id":18,"date":"2014-01-19T00:14:17","date_gmt":"2014-01-18T22:14:17","guid":{"rendered":"http:\/\/baroma.sk\/?page_id=18"},"modified":"2019-01-28T18:35:46","modified_gmt":"2019-01-28T16:35:46","slug":"prihlasky","status":"publish","type":"page","link":"https:\/\/baroma.sk\/?page_id=18","title":{"rendered":"Prihl\u00e1\u0161ky"},"content":{"rendered":"<ul>\n<li>\u00a0<a href=\"https:\/\/baroma.sk\/wp-content\/uploads\/2018\/10\/1-obsluhovate\u013e-motorov\u00fdch-voz\u00edkov.pdf\">pre obsluhy motorov\u00fdch voz\u00edkov<\/a><\/li>\n<li>\u00a0<a href=\"https:\/\/baroma.sk\/wp-content\/uploads\/2018\/10\/2-\u017eeriavnik.pdf\">pre \u017eeriavnikov<\/a><\/li>\n<li>\u00a0<a href=\"https:\/\/baroma.sk\/wp-content\/uploads\/2018\/10\/3-obsluhovate\u013e-zdv\u00edhac\u00edch-zariaden\u00ed.pdf\">pre obsluhovate\u013eov zdv\u00edhac\u00edch zariaden\u00ed<\/a><\/li>\n<li>\u00a0<a href=\"https:\/\/baroma.sk\/wp-content\/uploads\/2018\/10\/4-viaza\u010d-bremien.pdf\">pre viaza\u010dov bremien<\/a><\/li>\n<li>\u00a0<a href=\"https:\/\/baroma.sk\/wp-content\/uploads\/2018\/10\/5-obsluhovate\u013e-pracovn\u00fdch-plo\u0161\u00edn.pdf\">pre obsluhovate\u013eov pracovn\u00fdch plo\u0161\u00edn<\/a><\/li>\n<li>\u00a0<a href=\"https:\/\/baroma.sk\/wp-content\/uploads\/2018\/10\/6-strojnikov-stavebn\u00fdch-strojov.pdf\">pre strojn\u00edkov stavebn\u00fdch strojov<\/a><\/li>\n<li>\u00a0<a href=\"https:\/\/baroma.sk\/wp-content\/uploads\/2018\/10\/7-le\u0161en\u00e1rov.pdf\">pre le\u0161en\u00e1rov<\/a><\/li>\n<li>\u00a0<a href=\"https:\/\/baroma.sk\/wp-content\/uploads\/2019\/01\/8-lekarsky-posudok.pdf\">lek\u00e1rsky posudok o zdravotnej sp\u00f4sobilosti zamestnanca<\/a><\/li>\n<\/ul>\n","protected":false},"excerpt":{"rendered":"<p>\u00a0pre obsluhy motorov\u00fdch voz\u00edkov \u00a0pre \u017eeriavnikov \u00a0pre obsluhovate\u013eov zdv\u00edhac\u00edch zariaden\u00ed \u00a0pre viaza\u010dov bremien \u00a0pre obsluhovate\u013eov pracovn\u00fdch plo\u0161\u00edn \u00a0pre strojn\u00edkov stavebn\u00fdch strojov \u00a0pre le\u0161en\u00e1rov \u00a0lek\u00e1rsky posudok o zdravotnej sp\u00f4sobilosti zamestnanca<\/p>\n","protected":false},"author":2,"featured_media":0,"parent":0,"menu_order":0,"comment_status":"open","ping_status":"closed","template":"","meta":{"footnotes":""},"class_list":["post-18","page","type-page","status-publish","hentry","nodate","item-wrap"],"_links":{"self":[{"href":"https:\/\/baroma.sk\/index.php?rest_route=\/wp\/v2\/pages\/18","targetHints":{"allow":["GET"]}}],"collection":[{"href":"https:\/\/baroma.sk\/index.php?rest_route=\/wp\/v2\/pages"}],"about":[{"href":"https:\/\/baroma.sk\/index.php?rest_route=\/wp\/v2\/types\/page"}],"author":[{"embeddable":true,"href":"https:\/\/baroma.sk\/index.php?rest_route=\/wp\/v2\/users\/2"}],"replies":[{"embeddable":true,"href":"https:\/\/baroma.sk\/index.php?rest_route=%2Fwp%2Fv2%2Fcomments&post=18"}],"version-history":[{"count":18,"href":"https:\/\/baroma.sk\/index.php?rest_route=\/wp\/v2\/pages\/18\/revisions"}],"predecessor-version":[{"id":298,"href":"https:\/\/baroma.sk\/index.php?rest_route=\/wp\/v2\/pages\/18\/revisions\/298"}],"wp:attachment":[{"href":"https:\/\/baroma.sk\/index.php?rest_route=%2Fwp%2Fv2%2Fmedia&parent=18"}],"curies":[{"name":"wp","href":"https:\/\/api.w.org\/{rel}","templated":true}]}}