{"id":20,"date":"2014-01-19T00:15:04","date_gmt":"2014-01-18T22:15:04","guid":{"rendered":"http:\/\/baroma.sk\/?page_id=20"},"modified":"2026-01-22T15:00:13","modified_gmt":"2026-01-22T13:00:13","slug":"opravnenie","status":"publish","type":"page","link":"https:\/\/baroma.sk\/?page_id=20","title":{"rendered":"Opr\u00e1vnenie"},"content":{"rendered":"<ul>\n<li>na vykon\u00e1vanie v\u00fdchovy a vzdel\u00e1vania v oblasti ochrany prace\n<ul>\n<li><a href=\"https:\/\/baroma.sk\/wp-content\/uploads\/2014\/01\/01.1-V\u00fdchova-a-vzdel\u00e1vanie-zamestnancov-a-ved\u00facich-zamestnancov.pdf\">01.1 &#8211; V\u00fdchova a vzdel\u00e1vanie zamestnancov a ved\u00facich zamestnancov<\/a><\/li>\n<li><a href=\"https:\/\/baroma.sk\/wp-content\/uploads\/2026\/01\/03.2-\u2013-Vychova-a-vzdelavanie-osob-na-obsluhu-vyhradenych-technickych-zariadeni-zdvihacich.pdf\">03.2 &#8211; V\u00fdchova a vzdel\u00e1vanie os\u00f4b na obsluhu vyhraden\u00fdch technick\u00fdch zariaden\u00ed zdv\u00edhac\u00edch<\/a><\/li>\n<li><a href=\"https:\/\/baroma.sk\/wp-content\/uploads\/2026\/01\/03.4-\u2013-Vychova-a-vzdelavanie-viazacov-bremien.pdf\">03.4 &#8211; V\u00fdchova a vzdel\u00e1vanie viaza\u010dov bremien<\/a><\/li>\n<li><a href=\"https:\/\/baroma.sk\/wp-content\/uploads\/2026\/01\/06.1-\u2013-Vychova-a-vzdelavanie-vodicov-motorovych-vozikov.pdf\">06.1 &#8211; V\u00fdchova a vzdel\u00e1vanie vodi\u010dov motorov\u00fdch voz\u00edkov<\/a><\/li>\n<li><a href=\"https:\/\/baroma.sk\/wp-content\/uploads\/2014\/01\/07.2-V\u00fdchova-a-vzdel\u00e1vanie-os\u00f4b-na-mont\u00e1\u017e-a-demont\u00e1\u017e-le\u0161enia-le\u0161en\u00e1ri.pdf\">07.2 &#8211; V\u00fdchova a vzdel\u00e1vanie os\u00f4b na mont\u00e1\u017e a demont\u00e1\u017e le\u0161enia (le\u0161en\u00e1ri)<\/a><\/li>\n<li><a href=\"https:\/\/baroma.sk\/wp-content\/uploads\/2014\/01\/08.1-V\u00fdchova-a-vzdel\u00e1vanie-zamestnancov-na-obsluhu-vybran\u00fdch-stavebn\u00fdch-strojov-a-zariaden\u00ed.pdf\">08.1 &#8211; V\u00fdchova a vzdel\u00e1vanie zamestnancov na obsluhu vybran\u00fdch stavebn\u00fdch strojov a\u00a0zariaden\u00ed<\/a><\/li>\n<li><a href=\"https:\/\/baroma.sk\/wp-content\/uploads\/2014\/01\/Z\u00e1kon-o-slu\u017ebach-zru\u0161enie-5-rokov.pdf\">V\u00fd\u0148atok zo \u00a0Z\u00e1kon o slu\u017eb\u00e1ch na vn\u00fatornom trhu a o zmene a doplnen\u00ed niektor\u00fdch z\u00e1konov \u010d. 136\/2010 z.z. \/p\u00e4\u0165 rokov sa men\u00ed na neur\u010dit\u00fd \u010das\/<\/a><\/li>\n<\/ul>\n<\/li>\n<li>na mont\u00e1\u017e, opravy, rev\u00edzie a sk\u00fa\u0161ky vyhraden\u00fdch zdv\u00edhac\u00edch zariaden\u00ed\n<ul>\n<li><a href=\"https:\/\/baroma.sk\/wp-content\/uploads\/2014\/01\/na-mont\u00e1\u017e-opravy-rev\u00edzie-a-sk\u00fa\u0161ky-vyhraden\u00fdch-zdv\u00edhac\u00edch-zariaden\u00ed-vydan\u00e9-Obvodn\u00fdm-bansk\u00fdm-\u00faradom-v-Bratislave.pdf\">vydan\u00e9 Obvodn\u00fdm bansk\u00fdm \u00faradom\u00a0 v\u00a0Bratislave<\/a><\/li>\n<li><a href=\"https:\/\/baroma.sk\/wp-content\/uploads\/2014\/01\/na-mont\u00e1\u017e-opravy-rev\u00edzie-a-sk\u00fa\u0161ky-vyhraden\u00fdch-zdv\u00edhac\u00edch-zariaden\u00ed-vydan\u00e9-TI-SR.pdf\">vydane OPO &#8211; Technickou in\u0161pekciou, a.s., Trnavsk\u00e1 cesta 56, Bratislava<\/a><\/li>\n<\/ul>\n<\/li>\n<\/ul>\n","protected":false},"excerpt":{"rendered":"<p>na vykon\u00e1vanie v\u00fdchovy a vzdel\u00e1vania v oblasti ochrany prace 01.1 &#8211; V\u00fdchova a vzdel\u00e1vanie zamestnancov a ved\u00facich zamestnancov 03.2 &#8211; V\u00fdchova a vzdel\u00e1vanie os\u00f4b na obsluhu vyhraden\u00fdch technick\u00fdch zariaden\u00ed zdv\u00edhac\u00edch 03.4 &#8211; V\u00fdchova a vzdel\u00e1vanie viaza\u010dov bremien 06.1 &#8211; V\u00fdchova a vzdel\u00e1vanie vodi\u010dov motorov\u00fdch voz\u00edkov 07.2 &#8211; V\u00fdchova a vzdel\u00e1vanie os\u00f4b na mont\u00e1\u017e a demont\u00e1\u017e &hellip; <\/p>\n<p><a class=\"more-link btn\" href=\"https:\/\/baroma.sk\/?page_id=20\">Chcem vedie\u0165 viac<\/a><\/p>\n","protected":false},"author":2,"featured_media":0,"parent":0,"menu_order":0,"comment_status":"open","ping_status":"closed","template":"","meta":{"footnotes":""},"class_list":["post-20","page","type-page","status-publish","hentry","nodate","item-wrap"],"_links":{"self":[{"href":"https:\/\/baroma.sk\/index.php?rest_route=\/wp\/v2\/pages\/20","targetHints":{"allow":["GET"]}}],"collection":[{"href":"https:\/\/baroma.sk\/index.php?rest_route=\/wp\/v2\/pages"}],"about":[{"href":"https:\/\/baroma.sk\/index.php?rest_route=\/wp\/v2\/types\/page"}],"author":[{"embeddable":true,"href":"https:\/\/baroma.sk\/index.php?rest_route=\/wp\/v2\/users\/2"}],"replies":[{"embeddable":true,"href":"https:\/\/baroma.sk\/index.php?rest_route=%2Fwp%2Fv2%2Fcomments&post=20"}],"version-history":[{"count":10,"href":"https:\/\/baroma.sk\/index.php?rest_route=\/wp\/v2\/pages\/20\/revisions"}],"predecessor-version":[{"id":316,"href":"https:\/\/baroma.sk\/index.php?rest_route=\/wp\/v2\/pages\/20\/revisions\/316"}],"wp:attachment":[{"href":"https:\/\/baroma.sk\/index.php?rest_route=%2Fwp%2Fv2%2Fmedia&parent=20"}],"curies":[{"name":"wp","href":"https:\/\/api.w.org\/{rel}","templated":true}]}}