{"id":24,"date":"2014-01-19T00:17:34","date_gmt":"2014-01-18T22:17:34","guid":{"rendered":"http:\/\/baroma.sk\/?page_id=24"},"modified":"2019-12-02T12:21:23","modified_gmt":"2019-12-02T10:21:23","slug":"kontakt","status":"publish","type":"page","link":"https:\/\/baroma.sk\/?page_id=24","title":{"rendered":"Kontakt"},"content":{"rendered":"<h4>Kancel\u00e1ria<\/h4>\n<ul>\n<li>Baroma spol. s\u00a0r.o., Gogo\u013eova 18, Bratislava &#8211; Petr\u017ealka, tel. 0903 201\u00a0603, 0905 620 157 e-mail: <a href=\"mailto:vladislavwilsch@gmail.com\">vladislavwilsch@gmail.com<\/a><\/li>\n<\/ul>\n<h4>Kontaktn\u00e9 osoby<\/h4>\n<ul>\n<li>\u00a0R\u00f3bert\u00a0 Wilsch,\u00a0 tel. 0910 967\u00a0525, e-mail: <a href=\"mailto:robwilsch@gmail.com\">robert.wilsch@gmail.com<\/a><\/li>\n<li>\u00a0Marcel Wilsch, tel. 0948 282\u00a0848, e-mail: <a href=\"mailto:m.wilsch@gmail.com\">m.wilsch@gmail.com<\/a><\/li>\n<li>\u00a0Vladislav Wilsch, tel. 0903 201\u00a0603, 0905 620157 e-mail: <a href=\"mailto:vladislavwilsch@gmail.com\">vladislavwilsch@gmail.com<\/a><\/li>\n<\/ul>\n<h4 style=\"text-align: left;\"><b>Faktura\u010dn\u00e9 \u00fadaje: <\/b><\/h4>\n<p style=\"padding-left: 30px;\">Baroma spol. s\u00a0r.o.<\/p>\n<p style=\"padding-left: 30px;\">Humensk\u00e9 n\u00e1m. 8<\/p>\n<p style=\"padding-left: 30px;\">851 07 Bratislava<\/p>\n<p style=\"padding-left: 30px;\"><b>I\u010cO:<\/b> 35\u00a0779\u00a0306<\/p>\n<p style=\"padding-left: 30px;\"><b>DI\u010c:<\/b> 20 21 52 23 82<\/p>\n<p style=\"padding-left: 30px;\"><b>I\u010c DPH:<\/b> SK 20 21 52 23 82<\/p>\n<p style=\"padding-left: 30px;\"><b>\u010c\u00edslo \u00fa\u010dtu:<\/b> 2626252970\/1100 (Tatra banka, a.s.)<\/p>\n<p style=\"padding-left: 30px;\"><b>IBAN k\u00f3d:<\/b> SK 34 1100 0000 0026 2625 2970<\/p>\n<p style=\"padding-left: 30px;\"><b>SWIFT:<\/b> TATRSKBX<\/p>\n<p>_____________________________________________________________<br \/>\n<iframe loading=\"lazy\" style=\"border: 0;\" src=\"https:\/\/www.google.com\/maps\/embed?pb=!1m18!1m12!1m3!1d5326.74594045975!2d17.092445699383063!3d48.12233033804402!2m3!1f0!2f0!3f0!3m2!1i1024!2i768!4f13.1!3m3!1m2!1s0x476c898297b1ed4d%3A0xa034b0c4d8bec687!2sGogo%C4%BEova+326%2F18%2C+851+01+Petr%C5%BEalka!5e0!3m2!1ssk!2ssk!4v1546789410786\" width=\"600\" height=\"450\" frameborder=\"0\" allowfullscreen=\"allowfullscreen\"><\/iframe><\/p>\n","protected":false},"excerpt":{"rendered":"<p>Kancel\u00e1ria Baroma spol. s\u00a0r.o., Gogo\u013eova 18, Bratislava &#8211; Petr\u017ealka, tel. 0903 201\u00a0603, 0905 620 157 e-mail: vladislavwilsch@gmail.com Kontaktn\u00e9 osoby \u00a0R\u00f3bert\u00a0 Wilsch,\u00a0 tel. 0910 967\u00a0525, e-mail: robert.wilsch@gmail.com \u00a0Marcel Wilsch, tel. 0948 282\u00a0848, e-mail: m.wilsch@gmail.com \u00a0Vladislav Wilsch, tel. 0903 201\u00a0603, 0905 620157 e-mail: vladislavwilsch@gmail.com Faktura\u010dn\u00e9 \u00fadaje: Baroma spol. s\u00a0r.o. Humensk\u00e9 n\u00e1m. 8 851 07 Bratislava I\u010cO: 35\u00a0779\u00a0306 &hellip; <\/p>\n<p><a class=\"more-link btn\" href=\"https:\/\/baroma.sk\/?page_id=24\">Chcem vedie\u0165 viac<\/a><\/p>\n","protected":false},"author":2,"featured_media":0,"parent":0,"menu_order":0,"comment_status":"open","ping_status":"closed","template":"","meta":{"footnotes":""},"class_list":["post-24","page","type-page","status-publish","hentry","nodate","item-wrap"],"_links":{"self":[{"href":"https:\/\/baroma.sk\/index.php?rest_route=\/wp\/v2\/pages\/24","targetHints":{"allow":["GET"]}}],"collection":[{"href":"https:\/\/baroma.sk\/index.php?rest_route=\/wp\/v2\/pages"}],"about":[{"href":"https:\/\/baroma.sk\/index.php?rest_route=\/wp\/v2\/types\/page"}],"author":[{"embeddable":true,"href":"https:\/\/baroma.sk\/index.php?rest_route=\/wp\/v2\/users\/2"}],"replies":[{"embeddable":true,"href":"https:\/\/baroma.sk\/index.php?rest_route=%2Fwp%2Fv2%2Fcomments&post=24"}],"version-history":[{"count":25,"href":"https:\/\/baroma.sk\/index.php?rest_route=\/wp\/v2\/pages\/24\/revisions"}],"predecessor-version":[{"id":301,"href":"https:\/\/baroma.sk\/index.php?rest_route=\/wp\/v2\/pages\/24\/revisions\/301"}],"wp:attachment":[{"href":"https:\/\/baroma.sk\/index.php?rest_route=%2Fwp%2Fv2%2Fmedia&parent=24"}],"curies":[{"name":"wp","href":"https:\/\/api.w.org\/{rel}","templated":true}]}}