{"id":33,"date":"2014-01-19T00:38:59","date_gmt":"2014-01-18T22:38:59","guid":{"rendered":"http:\/\/baroma.sk\/?page_id=33"},"modified":"2026-01-22T15:08:38","modified_gmt":"2026-01-22T13:08:38","slug":"skolenie-zeriavnikov","status":"publish","type":"page","link":"https:\/\/baroma.sk\/?page_id=33","title":{"rendered":"\u0160kolenie \u017eeriavnikov"},"content":{"rendered":"<p>\u017deriavnik je osoba, ktor\u00e1 na z\u00e1klade platn\u00e9ho preukazu m\u00f4\u017ee obsluhova\u0165 \u017eeriavy iba tej triedy a\u00a0podtriedy, ktor\u00e9 m\u00e1 vyzna\u010den\u00e9 v preukaze.<\/p>\n<table border=\"1\" cellspacing=\"0\" cellpadding=\"0\">\n<tbody>\n<tr>\n<td valign=\"top\" width=\"52\"><b>Trieda<\/b><\/td>\n<td valign=\"top\" width=\"85\"><b>\u00a0\u00a0 Podtrieda\u00a0\u00a0 <\/b><\/td>\n<td valign=\"top\" width=\"477\"><b>Druh zdv\u00edhac\u00edch zariaden\u00ed <\/b><\/td>\n<\/tr>\n<tr>\n<td rowspan=\"4\" valign=\"top\" width=\"52\">A<\/td>\n<td valign=\"top\" width=\"85\">1.<\/td>\n<td valign=\"top\" width=\"477\">Mostov\u00e9 \u017eeriavy a zdv\u00edhadl\u00e1 s motorick\u00fdm pohonom ovl\u00e1dan\u00e9 zo zeme, o hmotnosti\u00a0 5 t<\/td>\n<\/tr>\n<tr>\n<td valign=\"top\" width=\"85\">2.<\/td>\n<td valign=\"top\" width=\"477\">\u017deriavy mostov\u00e9, konzolov\u00e9 a kozov\u00e9 s\u00a0 ma\u010dkou alebo kladkostroje ovl\u00e1dan\u00e9 z ko\u0161a alebo z kab\u00edny.<\/td>\n<\/tr>\n<tr>\n<td valign=\"top\" width=\"85\">3.<\/td>\n<td valign=\"top\" width=\"477\">\u017deriavy mostov\u00e9, konzolov\u00e9 a kozov\u00e9 s ma\u010dkou so zariaden\u00edm na uchopenie bremena, \u017eeriavy stohovacie.<\/td>\n<\/tr>\n<tr>\n<td valign=\"top\" width=\"85\">4.<\/td>\n<td valign=\"top\" width=\"477\">\u017deriavy mostov\u00e9 \u0161peci\u00e1lneho pou\u017eitia v s\u0165a\u017een\u00fdch klimatick\u00fdch podmienkach, ako napr. \u017eeriavy formovacie, s\u00e1dzacie, lepiace, stripovacie, klie\u0161\u0165ov\u00e9 a pod.<\/td>\n<\/tr>\n<tr>\n<td valign=\"top\" width=\"52\">B<\/td>\n<td valign=\"top\" width=\"85\">1.2.3.<\/td>\n<td valign=\"top\" width=\"477\">\u017deriavy st\u013apov\u00e9, ve\u017eov\u00e9, kozov\u00e9, s v\u00fdlo\u017en\u00edkom a deriky- s tromi z\u00e1kladn\u00fdmi pohybmi \/zdvih, pojazd a ot\u00e1\u010danie\/- s viacej ako tromi pohybmi, pr\u00edpadne s kombinovan\u00fdm pohonom- \u0161peci\u00e1lne<\/td>\n<\/tr>\n<tr>\n<td valign=\"top\" width=\"52\">C<\/td>\n<td valign=\"top\" width=\"85\">1.2.3.<\/td>\n<td valign=\"top\" width=\"477\">Ko\u013eajov\u00e9 a \u017eelezni\u010dn\u00e9 v\u00fdlo\u017en\u00edkov\u00e9 \u017eeriavy- s h\u00e1kom- nehodov\u00e9- so zariaden\u00edm na uchopenie bremena<\/td>\n<\/tr>\n<tr>\n<td valign=\"top\" width=\"52\">D<\/td>\n<td valign=\"top\" width=\"85\">1.2.3.<\/td>\n<td valign=\"top\" width=\"477\">Cestn\u00e9 v\u00fdlo\u017en\u00edkov\u00e9 \u017eeriavy- na automobilovom podvozku- na samostatnom podvozku kolovom alebo p\u00e1sovom- \u0161peci\u00e1lne<\/td>\n<\/tr>\n<tr>\n<td valign=\"top\" width=\"52\">E<\/td>\n<td valign=\"top\" width=\"85\"><\/td>\n<td valign=\"top\" width=\"477\">\u017deriavy pl\u00e1vaj\u00face<\/td>\n<\/tr>\n<tr>\n<td valign=\"top\" width=\"52\">F<\/td>\n<td valign=\"top\" width=\"85\"><\/td>\n<td valign=\"top\" width=\"477\">\u017deriavy lanov\u00e9<\/td>\n<\/tr>\n<\/tbody>\n<\/table>\n<p><b>U <\/b>ve\u017eov\u00fdch \u017eeriavov v\u00fdlo\u017en\u00edkov\u00e9ho typu sk. Aa &#8211; \u00ad\u00ad\u00ad<b>triedy\u00a0 <strong>B-1, 2, 3 <\/strong>\u00a0(\u017eeriavy st\u013apov\u00e9, ve\u017eov\u00e9, port\u00e1lov\u00e9 s v\u00fdlo\u017en\u00edkom a\u00a0derikmi<\/b> a u mobiln\u00fdch \u017eeriavov v\u00fdlo\u017en\u00edkov\u00e9ho typu sk. Aa \u2013 triedy <strong>D-1,2,3<\/strong><b> (cestn\u00e9 v\u00fdlo\u017en\u00edkov\u00e9 \u017eeriavy), preverenie odbornej sp\u00f4sobilosti vykon\u00e1va opr\u00e1vnen\u00e1 pr\u00e1vnick\u00e1 osoba (TI SR, T\u00dcV a\u00a0pod.) a\u00a0preukazy vyd\u00e1va pr\u00edslu\u0161n\u00fd In\u0161pektor\u00e1t pr\u00e1ce.<\/b><\/p>\n<p>&nbsp;<\/p>\n<p><b>\u00a0Zabezpe\u010dujeme:<\/b><\/p>\n<ul>\n<li>z\u00e1kladn\u00e9 a roz\u0161irovacie \u0161kolenia\u00a0&#8211; z\u00edskanie nov\u00e9ho, resp. roz\u0161\u00edren\u00e9ho\u00a0 preukazu pre v\u0161etky triedy a\u00a0poddruhy \u017eeriavov<\/li>\n<li>opakovan\u00e9 \u0161kolenia &#8211; v pravideln\u00fdch intervaloch predl\u017eovanie platnosti\u00a0 preukazov (minim\u00e1lne 1 x za 3 roky)<\/li>\n<li>aktualiza\u010dn\u00fa odborn\u00fa pr\u00edpravu\u00a0&#8211; 1 x za 5 rokov<\/li>\n<li>spolupr\u00e1cu pri sk\u00fa\u0161kach a\u00a0pri vydan\u00ed preukazu opr\u00e1vnenou pr\u00e1vnickou osobou \/TI, T\u00dcV\/ a In\u0161pektor\u00e1tom pr\u00e1ce SR<\/li>\n<li>vystavenie preukazu a duplik\u00e1tu preukazu v\u00a0pr\u00edpade potreby<\/li>\n<li>zavedenie denn\u00edka zdv\u00edhac\u00edch zariaden\u00ed<\/li>\n<li>\u0161kolenie prev\u00e1dzkov\u00e9ho technika a\u00a0u\u017e\u00edvate\u013ea zdv\u00edhac\u00edch zariaden\u00ed<\/li>\n<li>poradenstvo v\u00a0oblasti zdv\u00edhac\u00edch zariaden\u00ed<\/li>\n<\/ul>\n<p>&nbsp;<\/p>\n","protected":false},"excerpt":{"rendered":"<p>\u017deriavnik je osoba, ktor\u00e1 na z\u00e1klade platn\u00e9ho preukazu m\u00f4\u017ee obsluhova\u0165 \u017eeriavy iba tej triedy a\u00a0podtriedy, ktor\u00e9 m\u00e1 vyzna\u010den\u00e9 v preukaze. Trieda \u00a0\u00a0 Podtrieda\u00a0\u00a0 Druh zdv\u00edhac\u00edch zariaden\u00ed A 1. Mostov\u00e9 \u017eeriavy a zdv\u00edhadl\u00e1 s motorick\u00fdm pohonom ovl\u00e1dan\u00e9 zo zeme, o hmotnosti\u00a0 5 t 2. \u017deriavy mostov\u00e9, konzolov\u00e9 a kozov\u00e9 s\u00a0 ma\u010dkou alebo kladkostroje ovl\u00e1dan\u00e9 z ko\u0161a &hellip; <\/p>\n<p><a class=\"more-link btn\" href=\"https:\/\/baroma.sk\/?page_id=33\">Chcem vedie\u0165 viac<\/a><\/p>\n","protected":false},"author":2,"featured_media":0,"parent":0,"menu_order":0,"comment_status":"open","ping_status":"closed","template":"","meta":{"footnotes":""},"class_list":["post-33","page","type-page","status-publish","hentry","nodate","item-wrap"],"_links":{"self":[{"href":"https:\/\/baroma.sk\/index.php?rest_route=\/wp\/v2\/pages\/33","targetHints":{"allow":["GET"]}}],"collection":[{"href":"https:\/\/baroma.sk\/index.php?rest_route=\/wp\/v2\/pages"}],"about":[{"href":"https:\/\/baroma.sk\/index.php?rest_route=\/wp\/v2\/types\/page"}],"author":[{"embeddable":true,"href":"https:\/\/baroma.sk\/index.php?rest_route=\/wp\/v2\/users\/2"}],"replies":[{"embeddable":true,"href":"https:\/\/baroma.sk\/index.php?rest_route=%2Fwp%2Fv2%2Fcomments&post=33"}],"version-history":[{"count":4,"href":"https:\/\/baroma.sk\/index.php?rest_route=\/wp\/v2\/pages\/33\/revisions"}],"predecessor-version":[{"id":317,"href":"https:\/\/baroma.sk\/index.php?rest_route=\/wp\/v2\/pages\/33\/revisions\/317"}],"wp:attachment":[{"href":"https:\/\/baroma.sk\/index.php?rest_route=%2Fwp%2Fv2%2Fmedia&parent=33"}],"curies":[{"name":"wp","href":"https:\/\/api.w.org\/{rel}","templated":true}]}}