{"id":4,"date":"2014-01-18T23:24:05","date_gmt":"2014-01-18T21:24:05","guid":{"rendered":"http:\/\/baroma.sk\/?page_id=4"},"modified":"2014-07-03T16:33:21","modified_gmt":"2014-07-03T14:33:21","slug":"profil","status":"publish","type":"page","link":"https:\/\/baroma.sk\/","title":{"rendered":"Profil"},"content":{"rendered":"<p style=\"text-align: justify;\">Firma Baroma spol. s\u00a0r.o. sa etablovala na slovenskom trhu v\u00a0roku 1999, nadv\u00e4zuje na odborn\u00e9 vedomosti a\u00a0dlhodob\u00e9 sk\u00fasenosti zakladate\u013ea spolo\u010dnosti, ktor\u00fd pracuje v\u00a0odbore od roku 1984 a\u00a0ako \u017eivnostn\u00edk od roku 1992.<\/p>\n<p style=\"text-align: justify;\">Firma vykon\u00e1va \u010dinnosti, ktor\u00e9 zabezpe\u010duj\u00fa v\u00fdchovu a vzdel\u00e1vanie v\u00a0oblasti ochrany pr\u00e1ce a\u00a0vykon\u00e1va rev\u00edzie, \u010d\u00edm zais\u0165uje bezpe\u010dn\u00fa prev\u00e1dzku na vyhraden\u00fdch technick\u00fdch zariadeniach.<\/p>\n<p style=\"text-align: justify;\">V\u00a0s\u00fa\u010dasnosti firma \u00a0na z\u00e1klade opr\u00e1vnenia, vydan\u00e9ho N\u00e1rodn\u00fdm\u00a0 in\u0161pektor\u00e1tom pr\u00e1ce na v\u00fdchovu a\u00a0vzdel\u00e1vanie vykon\u00e1va \u0161kolenia obsluhovate\u013eov vysokozdvi\u017en\u00fdch motorov\u00fdch voz\u00edkov, stavebn\u00fdch strojov, le\u0161en\u00e1rov, pracovn\u00edkov pracuj\u00facich vo v\u00fd\u0161kach a\u00a0nad vo\u013enou h\u013abkou, referentsk\u00fdch vodi\u010dov,\u00a0\u010falej \u0161kolenia pre pracovn\u00edkov a\u00a0ved\u00facich pracovn\u00edkov z\u00a0predpisov BOZP, viaza\u010dov bremien, \u017eeriavnikov a\u00a0 obsluhovate\u013eov zdv\u00edhac\u00edch zariaden\u00ed, ako s\u00fa pracovn\u00e9 plo\u0161iny, hydraulick\u00e9 ruky a\u00a0pod.<\/p>\n<p style=\"text-align: justify;\">Rovnako sa venuje aj vykon\u00e1vaniu odborn\u00fdch sk\u00fa\u0161ok a\u00a0prehliadok vyhraden\u00fdch technick\u00fdch zariaden\u00ed zdv\u00edhac\u00edch a\u00a0technick\u00fdch prehliadok motorov\u00fdch voz\u00edkov.<\/p>\n<p style=\"text-align: justify;\">\u00a0Vyprac\u00fava intern\u00e9 predpisy na zaistenie bezpe\u010dnosti a ochrany zdravia pri pr\u00e1ci.<\/p>\n<p style=\"text-align: justify;\">T\u00fato \u010dinnos\u0165, ale aj odborn\u00e9 poradenstvo, vykon\u00e1vaj\u00fa kvalifikovan\u00ed, odborne zdatn\u00ed lektori a\u00a0technici na\u0161ej firmy po celom Slovensku.<\/p>\n","protected":false},"excerpt":{"rendered":"<p>Firma Baroma spol. s\u00a0r.o. sa etablovala na slovenskom trhu v\u00a0roku 1999, nadv\u00e4zuje na odborn\u00e9 vedomosti a\u00a0dlhodob\u00e9 sk\u00fasenosti zakladate\u013ea spolo\u010dnosti, ktor\u00fd pracuje v\u00a0odbore od roku 1984 a\u00a0ako \u017eivnostn\u00edk od roku 1992. Firma vykon\u00e1va \u010dinnosti, ktor\u00e9 zabezpe\u010duj\u00fa v\u00fdchovu a vzdel\u00e1vanie v\u00a0oblasti ochrany pr\u00e1ce a\u00a0vykon\u00e1va rev\u00edzie, \u010d\u00edm zais\u0165uje bezpe\u010dn\u00fa prev\u00e1dzku na vyhraden\u00fdch technick\u00fdch zariadeniach. V\u00a0s\u00fa\u010dasnosti firma \u00a0na z\u00e1klade &hellip; <\/p>\n<p><a class=\"more-link btn\" href=\"https:\/\/baroma.sk\/\">Chcem vedie\u0165 viac<\/a><\/p>\n","protected":false},"author":2,"featured_media":0,"parent":0,"menu_order":0,"comment_status":"open","ping_status":"closed","template":"","meta":{"footnotes":""},"class_list":["post-4","page","type-page","status-publish","hentry","nodate","item-wrap"],"_links":{"self":[{"href":"https:\/\/baroma.sk\/index.php?rest_route=\/wp\/v2\/pages\/4","targetHints":{"allow":["GET"]}}],"collection":[{"href":"https:\/\/baroma.sk\/index.php?rest_route=\/wp\/v2\/pages"}],"about":[{"href":"https:\/\/baroma.sk\/index.php?rest_route=\/wp\/v2\/types\/page"}],"author":[{"embeddable":true,"href":"https:\/\/baroma.sk\/index.php?rest_route=\/wp\/v2\/users\/2"}],"replies":[{"embeddable":true,"href":"https:\/\/baroma.sk\/index.php?rest_route=%2Fwp%2Fv2%2Fcomments&post=4"}],"version-history":[{"count":6,"href":"https:\/\/baroma.sk\/index.php?rest_route=\/wp\/v2\/pages\/4\/revisions"}],"predecessor-version":[{"id":207,"href":"https:\/\/baroma.sk\/index.php?rest_route=\/wp\/v2\/pages\/4\/revisions\/207"}],"wp:attachment":[{"href":"https:\/\/baroma.sk\/index.php?rest_route=%2Fwp%2Fv2%2Fmedia&parent=4"}],"curies":[{"name":"wp","href":"https:\/\/api.w.org\/{rel}","templated":true}]}}