{"id":46,"date":"2014-01-19T00:54:55","date_gmt":"2014-01-18T22:54:55","guid":{"rendered":"http:\/\/baroma.sk\/?page_id=46"},"modified":"2014-01-19T01:12:14","modified_gmt":"2014-01-18T23:12:14","slug":"skolenie-obsluhovatelov-pracovnych-plosin","status":"publish","type":"page","link":"https:\/\/baroma.sk\/?page_id=46","title":{"rendered":"\u0160kolenie obsluhovate\u013eov pracovn\u00fdch plo\u0161\u00edn"},"content":{"rendered":"<p>Obsluhovate\u013e je osoba, ktor\u00e1 na z\u00e1klade platn\u00e9ho\u00a0 preukazu m\u00f4\u017ee obsluhova\u0165 pracovn\u00e9 plo\u0161iny iba toho druhu, (napr. z\u00e1vesn\u00e9, \u0161plhacie, k\u013abov\u00e9, no\u017enicov\u00e9, teleskopick\u00e9) ktor\u00e9 m\u00e1 vyzna\u010den\u00e9 v preukaze.<\/p>\n<p>U pohybliv\u00fdch pracovn\u00fdch plo\u0161\u00edn na podvozku s motorick\u00fdm pohonom, \u00a0ktor\u00e9 s\u00fa ur\u010den\u00e9 na prev\u00e1dzku na pozemn\u00fdch komunik\u00e1ci\u00e1ch, preverenie odbornej sp\u00f4sobilosti vykon\u00e1va\u00a0 opr\u00e1vnen\u00e1 pr\u00e1vnick\u00e1 osoba ( TI SR, T\u00dcV a\u00a0pod. ) a\u00a0preukazy vyd\u00e1va pr\u00edslu\u0161n\u00fd In\u0161pektor\u00e1t pr\u00e1ce.<\/p>\n<p>&nbsp;<\/p>\n<p><b>\u00a0Zabezpe\u010dujeme:<\/b><\/p>\n<ul>\n<li>z\u00e1kladn\u00e9 a roz\u0161irovacie \u0161kolenia\u00a0&#8211; z\u00edskanie nov\u00e9ho, resp. roz\u0161\u00edren\u00e9ho\u00a0 preukazu pre v\u0161etky druhy pracovn\u00fdch plo\u0161\u00edn<\/li>\n<li>opakovan\u00e9 \u0161kolenia\u00a0&#8211; v pravideln\u00fdch intervaloch predl\u017eovanie platnosti\u00a0 preukazov 1x za 1 rok<\/li>\n<li>aktualiza\u010dn\u00fa odborn\u00fa pr\u00edpravu\u00a0&#8211; 1x za 5 rokov<\/li>\n<li>spolupr\u00e1cu pri sk\u00fa\u0161kach a\u00a0pri vydan\u00ed preukazu opr\u00e1vnenou pr\u00e1vnickou osobou \/TI, T\u00dcV\/ a In\u0161pektor\u00e1tom pr\u00e1ce SR<\/li>\n<li>vystavenie preukazu a duplik\u00e1tu preukazu v\u00a0pr\u00edpade potreby<\/li>\n<li>zavedenie denn\u00edka zdv\u00edhac\u00edch zariaden\u00ed<\/li>\n<li>\u0161kolenie prev\u00e1dzkov\u00e9ho technika a\u00a0u\u017e\u00edvate\u013ea zdv\u00edhac\u00edch zariaden\u00ed<\/li>\n<li>poradenstvo v\u00a0oblasti zdv\u00edhac\u00edch zariaden\u00ed \u2013 pracovn\u00fdch plo\u0161\u00edn<\/li>\n<\/ul>\n<p>&nbsp;<\/p>\n","protected":false},"excerpt":{"rendered":"<p>Obsluhovate\u013e je osoba, ktor\u00e1 na z\u00e1klade platn\u00e9ho\u00a0 preukazu m\u00f4\u017ee obsluhova\u0165 pracovn\u00e9 plo\u0161iny iba toho druhu, (napr. z\u00e1vesn\u00e9, \u0161plhacie, k\u013abov\u00e9, no\u017enicov\u00e9, teleskopick\u00e9) ktor\u00e9 m\u00e1 vyzna\u010den\u00e9 v preukaze. U pohybliv\u00fdch pracovn\u00fdch plo\u0161\u00edn na podvozku s motorick\u00fdm pohonom, \u00a0ktor\u00e9 s\u00fa ur\u010den\u00e9 na prev\u00e1dzku na pozemn\u00fdch komunik\u00e1ci\u00e1ch, preverenie odbornej sp\u00f4sobilosti vykon\u00e1va\u00a0 opr\u00e1vnen\u00e1 pr\u00e1vnick\u00e1 osoba ( TI SR, T\u00dcV a\u00a0pod. &hellip; <\/p>\n<p><a class=\"more-link btn\" href=\"https:\/\/baroma.sk\/?page_id=46\">Chcem vedie\u0165 viac<\/a><\/p>\n","protected":false},"author":2,"featured_media":0,"parent":0,"menu_order":0,"comment_status":"open","ping_status":"closed","template":"","meta":{"footnotes":""},"class_list":["post-46","page","type-page","status-publish","hentry","nodate","item-wrap"],"_links":{"self":[{"href":"https:\/\/baroma.sk\/index.php?rest_route=\/wp\/v2\/pages\/46","targetHints":{"allow":["GET"]}}],"collection":[{"href":"https:\/\/baroma.sk\/index.php?rest_route=\/wp\/v2\/pages"}],"about":[{"href":"https:\/\/baroma.sk\/index.php?rest_route=\/wp\/v2\/types\/page"}],"author":[{"embeddable":true,"href":"https:\/\/baroma.sk\/index.php?rest_route=\/wp\/v2\/users\/2"}],"replies":[{"embeddable":true,"href":"https:\/\/baroma.sk\/index.php?rest_route=%2Fwp%2Fv2%2Fcomments&post=46"}],"version-history":[{"count":2,"href":"https:\/\/baroma.sk\/index.php?rest_route=\/wp\/v2\/pages\/46\/revisions"}],"predecessor-version":[{"id":67,"href":"https:\/\/baroma.sk\/index.php?rest_route=\/wp\/v2\/pages\/46\/revisions\/67"}],"wp:attachment":[{"href":"https:\/\/baroma.sk\/index.php?rest_route=%2Fwp%2Fv2%2Fmedia&parent=46"}],"curies":[{"name":"wp","href":"https:\/\/api.w.org\/{rel}","templated":true}]}}