{"id":49,"date":"2014-01-19T00:57:28","date_gmt":"2014-01-18T22:57:28","guid":{"rendered":"http:\/\/baroma.sk\/?page_id=49"},"modified":"2026-01-22T14:32:39","modified_gmt":"2026-01-22T12:32:39","slug":"skolenie-strojnikov-obsluhy-vybranych-stavebnych-strojov-a-zariadeni","status":"publish","type":"page","link":"https:\/\/baroma.sk\/?page_id=49","title":{"rendered":"\u0160kolenie strojn\u00edkov &#8211; obsluhy vybran\u00fdch stavebn\u00fdch strojov a zariaden\u00ed"},"content":{"rendered":"<p>Strojn\u00edk &#8211; obsluhovate\u013e stavebn\u00fdch strojov a\u00a0zariaden\u00ed &#8211; je osoba, ktor\u00e1 na z\u00e1klade platn\u00e9ho\u00a0 preukazu m\u00f4\u017ee obsluhova\u0165 stavebn\u00e9 stroje a\u00a0zariadenia iba tej skupiny, ktor\u00e9 m\u00e1 vyzna\u010den\u00e9 v preukaze.<\/p>\n<p>Skupiny stavebn\u00fdch strojov:<\/p>\n<ol start=\"1\">\n<li>Doz\u00e9ry a traktory kolesov\u00e9 nad 36 kW (50 k)<\/li>\n<li>Doz\u00e9ry a traktory p\u00e1sov\u00e9<\/li>\n<li>\u0160peci\u00e1lne \u0165aha\u010de stavebn\u00fdch mechanizmov &#8211; dumpre<\/li>\n<li>Lopatov\u00e9 automobilov\u00e9 a kolesov\u00e9 r\u00fdpadl\u00e1<\/li>\n<li>Lopatov\u00e9 r\u00fdpadl\u00e1 p\u00e1sov\u00e9<\/li>\n<li>Kor\u010dekov\u00e9 r\u00fdpadl\u00e1<\/li>\n<li>Kor\u010dekov\u00e9 h\u013abidl\u00e1<\/li>\n<li>Cestn\u00e9 fr\u00e9zy a ryhova\u010de<\/li>\n<li>Nakladacie a vykladacie stroje kolesov\u00e9 nad 28 kW (35 k)<\/li>\n<li>Nakladacie a vykladacie stroje p\u00e1sov\u00e9 nad 28 kW (35 k)<\/li>\n<li>Autogradery a graderelev\u00e1tory<\/li>\n<li>Motorov\u00e9 skrapery<\/li>\n<li>Skrapery s p\u00e1sov\u00fdm \u0165aha\u010dom<\/li>\n<li>R\u00farov\u00e9 uklada\u010de<\/li>\n<li>Cestn\u00e9 valce (samopojazdn\u00e9)<\/li>\n<li>Stroje pre \u00fapravu a spracovanie horn\u00edn &#8211; drvi\u010de, triedi\u010dky<\/li>\n<li>\u0160peci\u00e1lne motorick\u00e9 snehov\u00e9 stroje<\/li>\n<li>Kompresory s prev\u00e1dzkov\u00fdm tlakom nad 500 kPa (5 atm) a 300 m<sup>3<\/sup>.h<sup>-1<\/sup><\/li>\n<li>Beton\u00e1rne s v\u00fdkonom od 10 m<sup>3<\/sup>.h<sup>-1<\/sup><\/li>\n<li>Autodomie\u0161ava\u010de a automie\u0161a\u010de<\/li>\n<li>\u010cerpadl\u00e1 bet\u00f3nov\u00fdch zmes\u00ed s v\u00fdkonom od 10 m<sup>3<\/sup>.h<sup>-1<\/sup><\/li>\n<li>Pojazdn\u00e9 elektrocentr\u00e1ly s v\u00fdkonom 32 kW (44 k) a viac<\/li>\n<li>Stroje pre nap\u00ednanie predp\u00ednacej v\u00fdstu\u017ee<\/li>\n<li>Oba\u013eovacie s\u00fapravy \u017eivi\u010dn\u00fdch zmes\u00ed nad 25 t.h<sup>-1<\/sup><\/li>\n<li>Uklada\u010de \u017eivi\u010dn\u00fdch zmes\u00ed (fini\u0161ery)<\/li>\n<li>Lomov\u00e9 v\u0155ta\u010dky\n<ul>\n<li>E &#8211; vrtn\u00e9 s\u00fapravy<\/li>\n<li>F &#8211; stroje pre v\u0155tan\u00e9 pil\u00f3ty<\/li>\n<li>G &#8211; baranidl\u00e1<\/li>\n<li>H &#8211; vy\u0165ahova\u010de<\/li>\n<li>I &#8211; nap\u00ednacie zariadenia<\/li>\n<li>J &#8211; injekt\u00e1\u017ene zariadenia<\/li>\n<\/ul>\n<\/li>\n<\/ol>\n<p><b>\u00a0Zabezpe\u010dujeme:<\/b><\/p>\n<ul>\n<li>z\u00e1kladn\u00e9 a roz\u0161irovacie \u0161kolenia\u00a0&#8211; z\u00edskanie nov\u00e9ho, resp. roz\u0161\u00edren\u00e9ho\u00a0 preukazu pre v\u0161etky skupiny stavebn\u00fdch strojov<\/li>\n<li>opakovan\u00e9 \u0161kolenia &#8211; v pravideln\u00fdch intervaloch predl\u017eovanie platnosti\u00a0 preukazov 1x za 36 mesiacov<\/li>\n<li>aktualiza\u010dn\u00fa odborn\u00fa pr\u00edpravu\u00a0&#8211; 1x za 5 rokov<\/li>\n<li>vystavenie preukazu a duplik\u00e1tu preukazu v\u00a0pr\u00edpade potreby<\/li>\n<li>poradenstvo v\u00a0oblasti stavebn\u00fdch strojov a zariaden\u00ed<\/li>\n<\/ul>\n","protected":false},"excerpt":{"rendered":"<p>Strojn\u00edk &#8211; obsluhovate\u013e stavebn\u00fdch strojov a\u00a0zariaden\u00ed &#8211; je osoba, ktor\u00e1 na z\u00e1klade platn\u00e9ho\u00a0 preukazu m\u00f4\u017ee obsluhova\u0165 stavebn\u00e9 stroje a\u00a0zariadenia iba tej skupiny, ktor\u00e9 m\u00e1 vyzna\u010den\u00e9 v preukaze. Skupiny stavebn\u00fdch strojov: Doz\u00e9ry a traktory kolesov\u00e9 nad 36 kW (50 k) Doz\u00e9ry a traktory p\u00e1sov\u00e9 \u0160peci\u00e1lne \u0165aha\u010de stavebn\u00fdch mechanizmov &#8211; dumpre Lopatov\u00e9 automobilov\u00e9 a kolesov\u00e9 r\u00fdpadl\u00e1 Lopatov\u00e9 &hellip; <\/p>\n<p><a class=\"more-link btn\" href=\"https:\/\/baroma.sk\/?page_id=49\">Chcem vedie\u0165 viac<\/a><\/p>\n","protected":false},"author":2,"featured_media":0,"parent":0,"menu_order":0,"comment_status":"open","ping_status":"closed","template":"","meta":{"footnotes":""},"class_list":["post-49","page","type-page","status-publish","hentry","nodate","item-wrap"],"_links":{"self":[{"href":"https:\/\/baroma.sk\/index.php?rest_route=\/wp\/v2\/pages\/49","targetHints":{"allow":["GET"]}}],"collection":[{"href":"https:\/\/baroma.sk\/index.php?rest_route=\/wp\/v2\/pages"}],"about":[{"href":"https:\/\/baroma.sk\/index.php?rest_route=\/wp\/v2\/types\/page"}],"author":[{"embeddable":true,"href":"https:\/\/baroma.sk\/index.php?rest_route=\/wp\/v2\/users\/2"}],"replies":[{"embeddable":true,"href":"https:\/\/baroma.sk\/index.php?rest_route=%2Fwp%2Fv2%2Fcomments&post=49"}],"version-history":[{"count":3,"href":"https:\/\/baroma.sk\/index.php?rest_route=\/wp\/v2\/pages\/49\/revisions"}],"predecessor-version":[{"id":308,"href":"https:\/\/baroma.sk\/index.php?rest_route=\/wp\/v2\/pages\/49\/revisions\/308"}],"wp:attachment":[{"href":"https:\/\/baroma.sk\/index.php?rest_route=%2Fwp%2Fv2%2Fmedia&parent=49"}],"curies":[{"name":"wp","href":"https:\/\/api.w.org\/{rel}","templated":true}]}}