{"id":59,"date":"2014-01-19T01:07:55","date_gmt":"2014-01-18T23:07:55","guid":{"rendered":"http:\/\/baroma.sk\/?page_id=59"},"modified":"2014-01-19T01:07:55","modified_gmt":"2014-01-18T23:07:55","slug":"skolenie-osob-na-prace-vo-vyskach-a-nad-volnou-hlbkou-okrem-horolezeckej-techniky","status":"publish","type":"page","link":"https:\/\/baroma.sk\/?page_id=59","title":{"rendered":"\u0160kolenie os\u00f4b na pr\u00e1ce vo v\u00fd\u0161kach a nad vo\u013enou h\u013abkou (okrem horolezeckej techniky)"},"content":{"rendered":"<p>Ka\u017ed\u00fd pracovn\u00edk, ktor\u00fd pracuje vo v\u00fd\u0161kach, mus\u00ed v r\u00e1mci pr\u00edpravy absolvova\u0165 \u0161kolenie vhodn\u00e9 pre jeho pr\u00e1cu a v rozsahu potrebnom pre bezpe\u010dn\u00fd v\u00fdkon \u010dinnosti pod\u013ea:<\/p>\n<p>\u00a7 3\u00a0ods. 1 vyhl\u00e1\u0161ky \u010d. 147\/2013 MPSVR SR, ktorou sa ustanovuj\u00fa podrobnosti na zaistenie bezpe\u010dnosti a ochrany zdravia pri stavebn\u00fdch pr\u00e1cach a pr\u00e1cach s nimi s\u00favisiacich a podrobnosti o odbornej sp\u00f4sobilosti na v\u00fdkon niektor\u00fdch pracovn\u00fdch \u010dinnost\u00ed znie:<\/p>\n<p style=\"padding-left: 30px;\"><b>(1)\u00a0\u00a0 <\/b>Oboznamovanie pod\u013ea \u00a7 7 z\u00e1kona osoby vykon\u00e1vaj\u00facej stavebn\u00e9 pr\u00e1ce a zodpovednej osoby sa uskuto\u010d\u0148uje najmenej raz za 12 mesiacov, ak ide o stavebn\u00e9 pr\u00e1ce vykon\u00e1van\u00e9:<\/p>\n<p style=\"padding-left: 60px;\"><b>a)\u00a0\u00a0\u00a0\u00a0\u00a0 <\/b>vo v\u00fd\u0161ke nad 1,5 m, ak nemo\u017eno pracova\u0165 z pevnej a bezpe\u010dnej pracovnej podlahy<\/p>\n<p style=\"padding-left: 60px;\"><b>b)\u00a0\u00a0\u00a0\u00a0 <\/b>z pohyblivej pracovnej plo\u0161iny<\/p>\n<p style=\"padding-left: 60px;\"><b>c)\u00a0\u00a0\u00a0\u00a0\u00a0 <\/b>z rebr\u00edka vo v\u00fd\u0161ke nad 5 m<\/p>\n<p style=\"padding-left: 60px;\"><b>d)\u00a0\u00a0\u00a0\u00a0 <\/b>pri zemn\u00fdch pr\u00e1cach vo v\u00fdkope hlb\u0161om ako 1,3 m.<\/p>\n<p style=\"padding-left: 30px;\">\n<p><b>\u00a0Zabezpe\u010dujeme:<\/b><\/p>\n<ul>\n<li><strong>povinn\u00e9 \u0161kolenia a opakovan\u00e9 \u0161kolenia &#8211; <\/strong>\u00a0v pravideln\u00fdch intervaloch predl\u017eovanie platnosti\u00a0sp\u00f4sobilosti minim\u00e1lne 1x za 12 mesiacov<\/li>\n<li><strong>vyd\u00e1vanie preukazu o absolvovan\u00ed\u00a0povinn\u00e9ho \u0161kolenia<\/strong><b> <\/b><\/li>\n<\/ul>\n<p>&nbsp;<\/p>\n","protected":false},"excerpt":{"rendered":"<p>Ka\u017ed\u00fd pracovn\u00edk, ktor\u00fd pracuje vo v\u00fd\u0161kach, mus\u00ed v r\u00e1mci pr\u00edpravy absolvova\u0165 \u0161kolenie vhodn\u00e9 pre jeho pr\u00e1cu a v rozsahu potrebnom pre bezpe\u010dn\u00fd v\u00fdkon \u010dinnosti pod\u013ea: \u00a7 3\u00a0ods. 1 vyhl\u00e1\u0161ky \u010d. 147\/2013 MPSVR SR, ktorou sa ustanovuj\u00fa podrobnosti na zaistenie bezpe\u010dnosti a ochrany zdravia pri stavebn\u00fdch pr\u00e1cach a pr\u00e1cach s nimi s\u00favisiacich a podrobnosti o odbornej &hellip; <\/p>\n<p><a class=\"more-link btn\" href=\"https:\/\/baroma.sk\/?page_id=59\">Chcem vedie\u0165 viac<\/a><\/p>\n","protected":false},"author":2,"featured_media":0,"parent":0,"menu_order":0,"comment_status":"open","ping_status":"closed","template":"","meta":{"footnotes":""},"class_list":["post-59","page","type-page","status-publish","hentry","nodate","item-wrap"],"_links":{"self":[{"href":"https:\/\/baroma.sk\/index.php?rest_route=\/wp\/v2\/pages\/59","targetHints":{"allow":["GET"]}}],"collection":[{"href":"https:\/\/baroma.sk\/index.php?rest_route=\/wp\/v2\/pages"}],"about":[{"href":"https:\/\/baroma.sk\/index.php?rest_route=\/wp\/v2\/types\/page"}],"author":[{"embeddable":true,"href":"https:\/\/baroma.sk\/index.php?rest_route=\/wp\/v2\/users\/2"}],"replies":[{"embeddable":true,"href":"https:\/\/baroma.sk\/index.php?rest_route=%2Fwp%2Fv2%2Fcomments&post=59"}],"version-history":[{"count":1,"href":"https:\/\/baroma.sk\/index.php?rest_route=\/wp\/v2\/pages\/59\/revisions"}],"predecessor-version":[{"id":60,"href":"https:\/\/baroma.sk\/index.php?rest_route=\/wp\/v2\/pages\/59\/revisions\/60"}],"wp:attachment":[{"href":"https:\/\/baroma.sk\/index.php?rest_route=%2Fwp%2Fv2%2Fmedia&parent=59"}],"curies":[{"name":"wp","href":"https:\/\/api.w.org\/{rel}","templated":true}]}}