{"id":6,"date":"2014-01-18T23:24:32","date_gmt":"2014-01-18T21:24:32","guid":{"rendered":"http:\/\/baroma.sk\/?page_id=6"},"modified":"2026-01-22T15:18:26","modified_gmt":"2026-01-22T13:18:26","slug":"skolenia","status":"publish","type":"page","link":"https:\/\/baroma.sk\/?page_id=6","title":{"rendered":"\u0160kolenia"},"content":{"rendered":"<ul>\n<li>\u00a0<a title=\"\u0160kolenia obsluhy motorov\u00fdch voz\u00edkov\" href=\"https:\/\/baroma.sk\/?page_id=159\">obsluhy motorov\u00fdch voz\u00edkov<\/a><\/li>\n<li>\u00a0<a href=\"https:\/\/baroma.sk\/?page_id=33 \">\u017eeriavnikov<\/a><\/li>\n<li>\u00a0<a href=\"https:\/\/baroma.sk\/?page_id=37\">obsluhovate\u013eov zdv\u00edhac\u00edch zariaden\u00ed<\/a><\/li>\n<li>\u00a0<a href=\"https:\/\/baroma.sk\/?page_id=43\">viaza\u010dov bremien<\/a><\/li>\n<li>\u00a0<a href=\"https:\/\/baroma.sk\/?page_id=46\">obsluhovate\u013eov pracovn\u00fdch plo\u0161\u00edn<\/a><\/li>\n<li>\u00a0<a href=\"https:\/\/baroma.sk\/?page_id=49\">strojn\u00edkov stavebn\u00fdch strojov<\/a><\/li>\n<li>\u00a0<a href=\"https:\/\/baroma.sk\/?page_id=52\">le\u0161en\u00e1rov<\/a><\/li>\n<li>\u00a0<a href=\"https:\/\/baroma.sk\/?page_id=59 \">pracovn\u00edkov pracuj\u00facich vo v\u00fd\u0161kach a\u00a0nad vo\u013enou h\u013abkou<\/a><\/li>\n<li>\u00a0<a href=\"https:\/\/baroma.sk\/?page_id=69\">bezpe\u010dnos\u0165 pri pr\u00e1ci pre pracovn\u00edkov a\u00a0ved\u00facich pracovn\u00edkov<\/a><\/li>\n<\/ul>\n","protected":false},"excerpt":{"rendered":"<p>\u00a0obsluhy motorov\u00fdch voz\u00edkov \u00a0\u017eeriavnikov \u00a0obsluhovate\u013eov zdv\u00edhac\u00edch zariaden\u00ed \u00a0viaza\u010dov bremien \u00a0obsluhovate\u013eov pracovn\u00fdch plo\u0161\u00edn \u00a0strojn\u00edkov stavebn\u00fdch strojov \u00a0le\u0161en\u00e1rov \u00a0pracovn\u00edkov pracuj\u00facich vo v\u00fd\u0161kach a\u00a0nad vo\u013enou h\u013abkou \u00a0bezpe\u010dnos\u0165 pri pr\u00e1ci pre pracovn\u00edkov a\u00a0ved\u00facich pracovn\u00edkov<\/p>\n","protected":false},"author":2,"featured_media":0,"parent":0,"menu_order":0,"comment_status":"open","ping_status":"closed","template":"","meta":{"footnotes":""},"class_list":["post-6","page","type-page","status-publish","hentry","nodate","item-wrap"],"_links":{"self":[{"href":"https:\/\/baroma.sk\/index.php?rest_route=\/wp\/v2\/pages\/6","targetHints":{"allow":["GET"]}}],"collection":[{"href":"https:\/\/baroma.sk\/index.php?rest_route=\/wp\/v2\/pages"}],"about":[{"href":"https:\/\/baroma.sk\/index.php?rest_route=\/wp\/v2\/types\/page"}],"author":[{"embeddable":true,"href":"https:\/\/baroma.sk\/index.php?rest_route=\/wp\/v2\/users\/2"}],"replies":[{"embeddable":true,"href":"https:\/\/baroma.sk\/index.php?rest_route=%2Fwp%2Fv2%2Fcomments&post=6"}],"version-history":[{"count":13,"href":"https:\/\/baroma.sk\/index.php?rest_route=\/wp\/v2\/pages\/6\/revisions"}],"predecessor-version":[{"id":320,"href":"https:\/\/baroma.sk\/index.php?rest_route=\/wp\/v2\/pages\/6\/revisions\/320"}],"wp:attachment":[{"href":"https:\/\/baroma.sk\/index.php?rest_route=%2Fwp%2Fv2%2Fmedia&parent=6"}],"curies":[{"name":"wp","href":"https:\/\/api.w.org\/{rel}","templated":true}]}}