{"id":69,"date":"2014-01-19T01:14:08","date_gmt":"2014-01-18T23:14:08","guid":{"rendered":"http:\/\/baroma.sk\/?page_id=69"},"modified":"2014-01-19T01:14:08","modified_gmt":"2014-01-18T23:14:08","slug":"skolenie-zamestnancov-a-veducich-zamestnancov-z-bozp","status":"publish","type":"page","link":"https:\/\/baroma.sk\/?page_id=69","title":{"rendered":"\u0160kolenie zamestnancov a ved\u00facich zamestnancov z BOZP"},"content":{"rendered":"<p><b>\u0160kolenie z predpisov na zaistenie bezpe\u010dnosti a ochrany zdravia pri pr\u00e1ci musia absolvova\u0165 v\u0161etci zamestnanci:<\/b><\/p>\n<ul>\n<li>pri prijat\u00ed do zamestnania<\/li>\n<li>pri prelo\u017een\u00ed na in\u00fa pr\u00e1cu<\/li>\n<li>pri zaveden\u00ed nov\u00fdch pracovn\u00fdch a technologick\u00fdch postupov<\/li>\n<li>pri zaraden\u00ed na nov\u00fd pracovn\u00fd prostriedok alebo pracovisko<\/li>\n<\/ul>\n<p>&nbsp;<\/p>\n<p>Obsah a sp\u00f4sob \u0161kolenia je prisp\u00f4soben\u00fd charakteru pr\u00e1ce vykon\u00e1vanej zamestnancom, jeho pracovisku a\u00a0in\u00fdm okolnostiam, ktor\u00e9 sa t\u00fdkaj\u00fa v\u00fdkonu pr\u00e1ce.<\/p>\n<p>&nbsp;<\/p>\n<p><b>Zabezpe\u010dujeme:<\/b><\/p>\n<ul>\n<li><strong>povinn\u00e9 \u0161kolenia a opakovan\u00e9 \u0161kolenia<\/strong><strong> <\/strong>v pravideln\u00fdch intervaloch<\/li>\n<\/ul>\n<p>minim\u00e1lne 1x za 2 roky<\/p>\n<ul>\n<li>poradenstvo v\u00a0oblasti bezpe\u010dnosti a ochrany zdravia pri pr\u00e1ci<\/li>\n<\/ul>\n","protected":false},"excerpt":{"rendered":"<p>\u0160kolenie z predpisov na zaistenie bezpe\u010dnosti a ochrany zdravia pri pr\u00e1ci musia absolvova\u0165 v\u0161etci zamestnanci: pri prijat\u00ed do zamestnania pri prelo\u017een\u00ed na in\u00fa pr\u00e1cu pri zaveden\u00ed nov\u00fdch pracovn\u00fdch a technologick\u00fdch postupov pri zaraden\u00ed na nov\u00fd pracovn\u00fd prostriedok alebo pracovisko &nbsp; Obsah a sp\u00f4sob \u0161kolenia je prisp\u00f4soben\u00fd charakteru pr\u00e1ce vykon\u00e1vanej zamestnancom, jeho pracovisku a\u00a0in\u00fdm okolnostiam, ktor\u00e9 &hellip; <\/p>\n<p><a class=\"more-link btn\" href=\"https:\/\/baroma.sk\/?page_id=69\">Chcem vedie\u0165 viac<\/a><\/p>\n","protected":false},"author":2,"featured_media":0,"parent":0,"menu_order":0,"comment_status":"open","ping_status":"closed","template":"","meta":{"footnotes":""},"class_list":["post-69","page","type-page","status-publish","hentry","nodate","item-wrap"],"_links":{"self":[{"href":"https:\/\/baroma.sk\/index.php?rest_route=\/wp\/v2\/pages\/69","targetHints":{"allow":["GET"]}}],"collection":[{"href":"https:\/\/baroma.sk\/index.php?rest_route=\/wp\/v2\/pages"}],"about":[{"href":"https:\/\/baroma.sk\/index.php?rest_route=\/wp\/v2\/types\/page"}],"author":[{"embeddable":true,"href":"https:\/\/baroma.sk\/index.php?rest_route=\/wp\/v2\/users\/2"}],"replies":[{"embeddable":true,"href":"https:\/\/baroma.sk\/index.php?rest_route=%2Fwp%2Fv2%2Fcomments&post=69"}],"version-history":[{"count":1,"href":"https:\/\/baroma.sk\/index.php?rest_route=\/wp\/v2\/pages\/69\/revisions"}],"predecessor-version":[{"id":70,"href":"https:\/\/baroma.sk\/index.php?rest_route=\/wp\/v2\/pages\/69\/revisions\/70"}],"wp:attachment":[{"href":"https:\/\/baroma.sk\/index.php?rest_route=%2Fwp%2Fv2%2Fmedia&parent=69"}],"curies":[{"name":"wp","href":"https:\/\/api.w.org\/{rel}","templated":true}]}}