{"id":83,"date":"2014-01-19T01:35:41","date_gmt":"2014-01-18T23:35:41","guid":{"rendered":"http:\/\/baroma.sk\/?page_id=83"},"modified":"2014-01-19T01:35:41","modified_gmt":"2014-01-18T23:35:41","slug":"odborne-skusky-revizne-skusky-a-odborne-prehliadky-revizie-zdvihacich-zariadeni","status":"publish","type":"page","link":"https:\/\/baroma.sk\/?page_id=83","title":{"rendered":"Odborn\u00e9 sk\u00fa\u0161ky (rev\u00edzne sk\u00fa\u0161ky) a odborn\u00e9 prehliadky (rev\u00edzie) zdv\u00edhac\u00edch zariaden\u00ed"},"content":{"rendered":"<ul>\n<li><b>Vykon\u00e1vame \u00a0odborn\u00e9 prehliadky\u00a0<\/b><i>(rev\u00edzie zdv\u00edhac\u00edch zariaden\u00ed)<b> <\/b><\/i><b>a odborn\u00e9 sk\u00fa\u0161ky <\/b><i>(rev\u00edzne sk\u00fa\u0161ky zdv\u00edhac\u00edch zariaden\u00ed)<b> <\/b><\/i><b>na vyhraden\u00fdch technick\u00fdch zariadeniach &#8211; zdv\u00edhacie zariadenia, v zmysle z\u00e1kona NR SR \u010d.124 \/2006 Z .z. \u00a7 9 odst. 1, pism. a) a\u00a0vyhl\u00e1\u0161ky MPSVR SR \u010d. 508\/2009 Z.z. \u00a7 9, \u00a7 13 <\/b><b>\u00a0<\/b><b><\/b><\/li>\n<li><b>Zabezpe\u010dujeme s\u00fa\u010dinnos\u0165 <\/b>(<i>objednanie, organizovanie sk\u00fa\u0161ky, resp. po\u017ei\u010danie z\u00e1va\u017eia)<\/i><b> pri \u00faradn\u00fdch sk\u00fa\u0161kach<\/b><b> s opr\u00e1vnenou pr\u00e1vnickou osobou (TI SR, T\u00dcV a\u00a0pod.) <\/b><b>v rozsahu:<\/b><\/li>\n<\/ul>\n<p><b>Aa)\u00a0\u017eeriav a zdv\u00edhadlo\u00a0<\/b>s motorov\u00fdm pohonom, napr\u00edklad elektrick\u00fdm, hydraulick\u00fdm, s nosnos\u0165ou nad 1 000 kg a \u017eeriav a zdv\u00edhadlo s \u013eudsk\u00fdm pohonom nad 5 000 kg vr\u00e1tane trvalej dr\u00e1hy \u017eeriavu a do\u010dasnej dr\u00e1hy \u017eeriavu v\u00fdlo\u017en\u00edkov\u00e9ho typu \u2013 t.j. auto\u017eeriavy, mostov\u00e9 a\u00a0port\u00e1lov\u00e9 \u017eeriavy, ve\u017eov\u00e9 \u017eeriavy, vodn\u00e9 \u017eeriavy, nakladacie \u017eeriavy \/hydraulick\u00e9 ruky\/, elektrick\u00e9 kladkostroje, ru\u010dn\u00e9 kladkostroje a\u00a0pod.<\/p>\n<p><b>Ab)\u00a0pohybliv\u00e1 pracovn\u00e1 plo\u0161ina\u00a0<\/b>s motorov\u00fdm pohonom a s v\u00fd\u0161kou zdvihu nad 1,5 m \u2013 napr\u00edklad v\u00fdlo\u017en\u00edkov\u00e9, k\u013abov\u00e9, teleskopick\u00e9, no\u017enicov\u00e9, z\u00e1vesn\u00e9, \u0161plhacie a\u00a0pod.<\/p>\n<p><b>Ad)<\/b><b> stavebn\u00fd v\u00fd\u0165ah<\/b><\/p>\n<p style=\"padding-left: 30px;\">1. na prepravu os\u00f4b a n\u00e1kladu<\/p>\n<p style=\"padding-left: 30px;\">2. n\u00e1kladn\u00fd s pr\u00edstupom os\u00f4b na nosn\u00fa plo\u0161inu<\/p>\n<p><b>Ae)\u00a0reg\u00e1lov\u00fd zaklada\u010d\u00a0<\/b>so stanovi\u0161\u0165om obsluhy na zaklada\u010di a jeho presuv\u0148a<\/p>\n<p><b>Ah)\u00a0v\u00fdsuvn\u00fd rebr\u00edk\u00a0<\/b>s motorov\u00fdm pohonom<b><\/b><\/p>\n<p><b>Ba)\u00a0<\/b><b>zariadenie, ktor\u00fdm je<\/b><b><\/b><\/p>\n<p style=\"padding-left: 30px;\"><b>1. \u017eeriav a zdv\u00edhadlo <\/b>s motorov\u00fdm pohonom s nosnos\u0165ou do 1 000 kg vr\u00e1tane a s\u00a0\u013eudsk\u00fdm pohonom s\u00a0nosnos\u0165ou od 1 000 kg do 5 000 kg vr\u00e1tane &#8211; napr\u00edklad mostov\u00e9,\u00a0port\u00e1lov\u00e9, oto\u010dn\u00e9 \u017eeriavy, nakladacie \u017eeriavy \/hydraulick\u00e9 ruky\/, elektrick\u00e9 kladkostroje, ru\u010dn\u00e9 kladkostroje a\u00a0pod.<\/p>\n<p style=\"padding-left: 30px;\"><b>2. \u00a0vr\u00e1tok <\/b>s motorov\u00fdm pohonom ur\u010den\u00fd na zdv\u00edhanie bremien<\/p>\n<p><b>Bb)\u00a0zdv\u00edhacie \u00fastrojenstvo dopravn\u00e9ho voz\u00edka a naklada\u010da\u00a0<\/b>s motorov\u00fdm pohonom ur\u010den\u00e9 na zdv\u00edhanie a prepravu bremena pomocou prostriedku na viazanie, zavesenie alebo uchopenie \u2013 napr\u00edklad ramenov\u00e9 naklada\u010de a\u00a0pod.<\/p>\n<p><b>Bc)\u00a0pr\u00eddavn\u00e9 zdv\u00edhacie pr\u00edslu\u0161enstvo\u00a0na zavesenie alebo na uchopenie bremena, ktor\u00e9 nie je trvalou s\u00fa\u010das\u0165ou technick\u00e9ho zariadenia zdv\u00edhacieho skupiny A a skupiny B, a to <\/b><\/p>\n<p style=\"padding-left: 30px;\"><b>1. \u00a0zdv\u00edhacie \u00fastrojenstvo na manipul\u00e1ciu s kontajnerom ISO<\/b><\/p>\n<p style=\"padding-left: 30px;\"><b>2. zariadenie na zavesenie alebo uchopenie bremena, <\/b>napr\u00edklad magnet, traverza, pr\u00edsavkov\u00e9 zariadenie, klie\u0161te, drap\u00e1k, okrem prostriedkov uveden\u00fdch v skupine C p\u00edsm. a)<\/p>\n<p><b>Bd)\u00a0\u0161peci\u00e1lne zdv\u00edhacie <\/b>zariadenia\u00a0s motorov\u00fdm pohonom ur\u010den\u00e9 na zdv\u00edhanie bremena, a\u00a0to<\/p>\n<p style=\"padding-left: 30px;\"><b>1.\u00a0zdv\u00edhacia rampa<\/b><\/p>\n<p style=\"padding-left: 30px;\"><b>2.\u00a0zdv\u00edhacia plo\u0161ina<\/b><\/p>\n<p style=\"padding-left: 30px;\"><b>3. stabiln\u00e9, mobiln\u00e9 a premiestnite\u013en\u00e9 servisn\u00e9\u00a0zdv\u00edhacie zariadenie<\/b>, ktor\u00e9 je ur\u010den\u00e9 len\u00a0na zdv\u00edhanie vozidla<\/p>\n<p style=\"padding-left: 30px;\"><b>4.\u00a0zdv\u00edhacie \u010delo\u00a0<\/b>ur\u010den\u00e9 na mont\u00e1\u017e na vozidlo, ktor\u00e9 je ur\u010den\u00e9 na nakladanie alebo vykladanie n\u00e1kladu<\/p>\n<p><b>Be)\u00a0n\u00e1kladn\u00fd stavebn\u00fd v\u00fd\u0165ah\u00a0bez pr\u00edstupu os\u00f4b na nosn\u00fa plo\u0161inu<\/b><\/p>\n<p><b>Bf)\u00a0zvisl\u00e1 posuvn\u00e1 br\u00e1na\u00a0<\/b>s motorov\u00fdm pohonom s v\u00fd\u0161kou zdvihu nad 2,7 m<\/p>\n<p><b>Bg)\u00a0<\/b><b>reg\u00e1lov\u00fd zaklada\u010d bez stanovi\u0161\u0165a <\/b>obsluhy na zaklada\u010di a jeho presuv\u0148a okrem zariadenia, ktor\u00e9 je s\u00fa\u010das\u0165ou automatizovan\u00fdch syst\u00e9mov na manipul\u00e1ciu a\u00a0skladovanie<b><\/b><\/p>\n<p><b>Bi)\u00a0schodiskov\u00fd v\u00fd\u0165ah a zvisl\u00e1 zdv\u00edhacia plo\u0161ina\u00a0ur\u010den\u00e1<\/b> na pou\u017e\u00edvanie osobou s obmedzenou schopnos\u0165ou pohybu<b> (invalidom)\u00a0<\/b><br \/>\n<b>Odborn\u00e9 prehliadky <i>(rev\u00edzie) <\/i>zdv\u00edhac\u00edch zariaden\u00ed a odborn\u00e9 sk\u00fa\u0161ky <i>(rev\u00edzne sk\u00fa\u0161ky) <\/i>zdv\u00edhac\u00edch zariaden\u00ed vykon\u00e1vame na celom \u00fazem\u00ed Slovenskej republiky.<\/p>\n<p><\/b><\/p>\n","protected":false},"excerpt":{"rendered":"<p>Vykon\u00e1vame \u00a0odborn\u00e9 prehliadky\u00a0(rev\u00edzie zdv\u00edhac\u00edch zariaden\u00ed) a odborn\u00e9 sk\u00fa\u0161ky (rev\u00edzne sk\u00fa\u0161ky zdv\u00edhac\u00edch zariaden\u00ed) na vyhraden\u00fdch technick\u00fdch zariadeniach &#8211; zdv\u00edhacie zariadenia, v zmysle z\u00e1kona NR SR \u010d.124 \/2006 Z .z. \u00a7 9 odst. 1, pism. a) a\u00a0vyhl\u00e1\u0161ky MPSVR SR \u010d. 508\/2009 Z.z. \u00a7 9, \u00a7 13 \u00a0 Zabezpe\u010dujeme s\u00fa\u010dinnos\u0165 (objednanie, organizovanie sk\u00fa\u0161ky, resp. po\u017ei\u010danie z\u00e1va\u017eia) pri \u00faradn\u00fdch &hellip; <\/p>\n<p><a class=\"more-link btn\" href=\"https:\/\/baroma.sk\/?page_id=83\">Chcem vedie\u0165 viac<\/a><\/p>\n","protected":false},"author":2,"featured_media":0,"parent":0,"menu_order":0,"comment_status":"open","ping_status":"closed","template":"","meta":{"footnotes":""},"class_list":["post-83","page","type-page","status-publish","hentry","nodate","item-wrap"],"_links":{"self":[{"href":"https:\/\/baroma.sk\/index.php?rest_route=\/wp\/v2\/pages\/83","targetHints":{"allow":["GET"]}}],"collection":[{"href":"https:\/\/baroma.sk\/index.php?rest_route=\/wp\/v2\/pages"}],"about":[{"href":"https:\/\/baroma.sk\/index.php?rest_route=\/wp\/v2\/types\/page"}],"author":[{"embeddable":true,"href":"https:\/\/baroma.sk\/index.php?rest_route=\/wp\/v2\/users\/2"}],"replies":[{"embeddable":true,"href":"https:\/\/baroma.sk\/index.php?rest_route=%2Fwp%2Fv2%2Fcomments&post=83"}],"version-history":[{"count":2,"href":"https:\/\/baroma.sk\/index.php?rest_route=\/wp\/v2\/pages\/83\/revisions"}],"predecessor-version":[{"id":86,"href":"https:\/\/baroma.sk\/index.php?rest_route=\/wp\/v2\/pages\/83\/revisions\/86"}],"wp:attachment":[{"href":"https:\/\/baroma.sk\/index.php?rest_route=%2Fwp%2Fv2%2Fmedia&parent=83"}],"curies":[{"name":"wp","href":"https:\/\/api.w.org\/{rel}","templated":true}]}}