{"id":87,"date":"2014-01-19T01:37:47","date_gmt":"2014-01-18T23:37:47","guid":{"rendered":"http:\/\/baroma.sk\/?page_id=87"},"modified":"2014-01-19T01:37:47","modified_gmt":"2014-01-18T23:37:47","slug":"technicke-prehliadky-motorovych-vozikov","status":"publish","type":"page","link":"https:\/\/baroma.sk\/?page_id=87","title":{"rendered":"Technick\u00e9 prehliadky motorov\u00fdch voz\u00edkov"},"content":{"rendered":"<p style=\"text-align: justify;\"><b>Technick\u00e9 prehliadky motorov\u00e9ho voz\u00edka<\/b> sa vykon\u00e1vaj\u00fa pod\u013ea vyhl\u00e1\u0161ky S\u00daBP \u010d. 59\/1982 Zb., ktorou sa ur\u010duj\u00fa z\u00e1kladn\u00e9 po\u017eiadavky na zaistenie bezpe\u010dnosti pr\u00e1ce a\u00a0technic-k\u00fdch zariaden\u00ed \u00a7 7 (Po\u010das prev\u00e1dzky strojov a zariaden\u00ed sa musia vykon\u00e1va\u0165 ich pravideln\u00e9 predp\u00edsan\u00e9 kontroly, sk\u00fa\u0161ky, rev\u00edzie, \u00fadr\u017eba a\u00a0opravy) a NV SR \u010d. 392\/2006 Z.z. o\u00a0minim\u00e1lnych bezpe\u010dnostn\u00fdch a\u00a0zdravotn\u00fdch po\u017eiadavk\u00e1ch pri\u00a0pou\u017e\u00edvan\u00ed pracovn\u00fdch prostriedkov \u00a7 5 (Kontrola pracovn\u00e9ho prostriedku) v\u00a0rozsahu STN ISO 3691+Amd 1, a to v\u017edy do jedn\u00e9ho roka od predch\u00e1dzaj\u00facej kontroly.<\/p>\n","protected":false},"excerpt":{"rendered":"<p>Technick\u00e9 prehliadky motorov\u00e9ho voz\u00edka sa vykon\u00e1vaj\u00fa pod\u013ea vyhl\u00e1\u0161ky S\u00daBP \u010d. 59\/1982 Zb., ktorou sa ur\u010duj\u00fa z\u00e1kladn\u00e9 po\u017eiadavky na zaistenie bezpe\u010dnosti pr\u00e1ce a\u00a0technic-k\u00fdch zariaden\u00ed \u00a7 7 (Po\u010das prev\u00e1dzky strojov a zariaden\u00ed sa musia vykon\u00e1va\u0165 ich pravideln\u00e9 predp\u00edsan\u00e9 kontroly, sk\u00fa\u0161ky, rev\u00edzie, \u00fadr\u017eba a\u00a0opravy) a NV SR \u010d. 392\/2006 Z.z. o\u00a0minim\u00e1lnych bezpe\u010dnostn\u00fdch a\u00a0zdravotn\u00fdch po\u017eiadavk\u00e1ch pri\u00a0pou\u017e\u00edvan\u00ed pracovn\u00fdch prostriedkov \u00a7 &hellip; <\/p>\n<p><a class=\"more-link btn\" href=\"https:\/\/baroma.sk\/?page_id=87\">Chcem vedie\u0165 viac<\/a><\/p>\n","protected":false},"author":2,"featured_media":0,"parent":0,"menu_order":0,"comment_status":"open","ping_status":"closed","template":"","meta":{"footnotes":""},"class_list":["post-87","page","type-page","status-publish","hentry","nodate","item-wrap"],"_links":{"self":[{"href":"https:\/\/baroma.sk\/index.php?rest_route=\/wp\/v2\/pages\/87","targetHints":{"allow":["GET"]}}],"collection":[{"href":"https:\/\/baroma.sk\/index.php?rest_route=\/wp\/v2\/pages"}],"about":[{"href":"https:\/\/baroma.sk\/index.php?rest_route=\/wp\/v2\/types\/page"}],"author":[{"embeddable":true,"href":"https:\/\/baroma.sk\/index.php?rest_route=\/wp\/v2\/users\/2"}],"replies":[{"embeddable":true,"href":"https:\/\/baroma.sk\/index.php?rest_route=%2Fwp%2Fv2%2Fcomments&post=87"}],"version-history":[{"count":1,"href":"https:\/\/baroma.sk\/index.php?rest_route=\/wp\/v2\/pages\/87\/revisions"}],"predecessor-version":[{"id":88,"href":"https:\/\/baroma.sk\/index.php?rest_route=\/wp\/v2\/pages\/87\/revisions\/88"}],"wp:attachment":[{"href":"https:\/\/baroma.sk\/index.php?rest_route=%2Fwp%2Fv2%2Fmedia&parent=87"}],"curies":[{"name":"wp","href":"https:\/\/api.w.org\/{rel}","templated":true}]}}